{"id":625,"date":"2021-05-11T00:23:36","date_gmt":"2021-05-11T00:23:36","guid":{"rendered":"http:\/\/chapiteau-adrienne.fr\/?page_id=625"},"modified":"2021-05-11T00:28:24","modified_gmt":"2021-05-11T00:28:24","slug":"la-genese","status":"publish","type":"page","link":"https:\/\/chapiteau-adrienne.fr\/?page_id=625","title":{"rendered":"LA GENESE"},"content":{"rendered":"\n<blockquote>\n<p>Le Banquet du livre de Lagrasse r\u00e9unit chaque ann\u00e9e depuis 1995 des fid\u00e8les et des nouveaux venus autour de la litt\u00e9rature. J\u2019y viens depuis la cr\u00e9ation, un festival pas comme les autres o\u00f9 je retrouve des amis que je ne vois qu\u2019ici, les amis des \u00e9ditions Verdier, qui sont \u00e0 l\u2019origine de cette Maison du banquet et des g\u00e9n\u00e9rations, centre de rencontres et d\u2019\u00e9tudes autour du livre, de la pens\u00e9e et de l\u2019image, install\u00e9 dans l\u2019abbaye publique de Lagrasse, au c\u0153ur des Corbi\u00e8res, dans l\u2019Aude (r\u00e9gion Occitanie), avec sa librairie Le nom de l\u2019homme et ses rendez-vous litt\u00e9raires tout au long des saisons.<\/p>\n<p>Le Banquet d\u2019\u00e9t\u00e9 2019 fut l\u2019occasion de c\u00e9l\u00e9brer le 40<sup>\u00e8me<\/sup> anniversaire des \u00e9ditions Verdier.<\/p>\n<p>Parmi tous les ateliers, mon pr\u00e9f\u00e9r\u00e9 est la lecture \u00e0 voix haute anim\u00e9 par des com\u00e9diens professionnels. Cette pratique de lecture se double de discussions sur la red\u00e9couverte des bienfaits de la lecture \u00e0 voix haute \u00e0 travers, entre autres, Le Tombeau de Mallarm\u00e9, la nouvelle traduction de Don Quichotte int\u00e9grale, l\u2019Iliade int\u00e9grale, des paroles de migrants recueillies dans les foyers. Cette ann\u00e9e, 20 livres ont \u00e9t\u00e9 choisis dans le catalogue des Editions Verdier et je ne r\u00e9siste pas au plaisir de rejoindre les lecteurs. J\u2019ai retenu Christian Garcin <em>La Piste Mongol<\/em>.\u00a0 J\u2019ai ador\u00e9 pr\u00eater ma voix \u00e0 Tante G\u00fc au long nez, vieille chamane perdue dans des histoires qui se chevauchent et se r\u00e9pondent.<\/p>\n<p>Ainsi, l\u2019id\u00e9e de former un groupe afin de lire ensemble des textes choisis par les participants sous le chapiteau prend racine dans mon esprit.<\/p>\n<p>Cette id\u00e9e fait son chemin jusqu\u2019\u00e0 mon anniversaire que je d\u00e9cide de c\u00e9l\u00e9brer en septembre 2019 sous le chapiteau, \u00e0 Ris-Orangis, avec famille, amis et proches. Parmi la multitude des cadeaux re\u00e7us, je trouve un livre, d\u00e9dicac\u00e9 par St\u00e9phane Raffali, actuel maire de Ris-Orangis <em>Quand Ris et Orangis s\u2019appelaient Brutus,<\/em>\u00a0publi\u00e9 par le Groupe Rissois d\u2019Histoire Locale (GRHL) \u00e0 l\u2019occasion du bicentenaire de la R\u00e9volution fran\u00e7aise. Happ\u00e9e par la lecture de l\u2019histoire de notre commune pendant cette courte p\u00e9riode tourment\u00e9e, j\u2019ai trouv\u00e9 l\u2019ouvrage qui servira de th\u00e8me \u00e0 ces futurs ateliers.<\/p>\n<\/blockquote>\n\n\n\n<p class=\"has-text-align-right wp-block-paragraph\">Adrienne Larue<\/p>\n","protected":false},"excerpt":{"rendered":"<p>Le Banquet du livre de Lagrasse r\u00e9unit chaque ann\u00e9e depuis 1995 des fid\u00e8les et des nouveaux venus autour de la litt\u00e9rature. J\u2019y viens depuis la cr\u00e9ation, un festival pas comme [&hellip;]<\/p>\n","protected":false},"author":1,"featured_media":0,"parent":334,"menu_order":0,"comment_status":"closed","ping_status":"closed","template":"","meta":{"_crdt_document":"","ocean_post_layout":"","ocean_both_sidebars_style":"","ocean_both_sidebars_content_width":0,"ocean_both_sidebars_sidebars_width":0,"ocean_sidebar":"0","ocean_second_sidebar":"0","ocean_disable_margins":"enable","ocean_add_body_class":"","ocean_shortcode_before_top_bar":"","ocean_shortcode_after_top_bar":"","ocean_shortcode_before_header":"","ocean_shortcode_after_header":"","ocean_has_shortcode":"","ocean_shortcode_after_title":"","ocean_shortcode_before_footer_widgets":"","ocean_shortcode_after_footer_widgets":"","ocean_shortcode_before_footer_bottom":"","ocean_shortcode_after_footer_bottom":"","ocean_display_top_bar":"default","ocean_display_header":"default","ocean_header_style":"","ocean_center_header_left_menu":"0","ocean_custom_header_template":"0","ocean_custom_logo":0,"ocean_custom_retina_logo":0,"ocean_custom_logo_max_width":0,"ocean_custom_logo_tablet_max_width":0,"ocean_custom_logo_mobile_max_width":0,"ocean_custom_logo_max_height":0,"ocean_custom_logo_tablet_max_height":0,"ocean_custom_logo_mobile_max_height":0,"ocean_header_custom_menu":"0","ocean_menu_typo_font_family":"0","ocean_menu_typo_font_subset":"","ocean_menu_typo_font_size":0,"ocean_menu_typo_font_size_tablet":0,"ocean_menu_typo_font_size_mobile":0,"ocean_menu_typo_font_size_unit":"px","ocean_menu_typo_font_weight":"","ocean_menu_typo_font_weight_tablet":"","ocean_menu_typo_font_weight_mobile":"","ocean_menu_typo_transform":"","ocean_menu_typo_transform_tablet":"","ocean_menu_typo_transform_mobile":"","ocean_menu_typo_line_height":0,"ocean_menu_typo_line_height_tablet":0,"ocean_menu_typo_line_height_mobile":0,"ocean_menu_typo_line_height_unit":"","ocean_menu_typo_spacing":0,"ocean_menu_typo_spacing_tablet":0,"ocean_menu_typo_spacing_mobile":0,"ocean_menu_typo_spacing_unit":"","ocean_menu_link_color":"","ocean_menu_link_color_hover":"","ocean_menu_link_color_active":"","ocean_menu_link_background":"","ocean_menu_link_hover_background":"","ocean_menu_link_active_background":"","ocean_menu_social_links_bg":"","ocean_menu_social_hover_links_bg":"","ocean_menu_social_links_color":"","ocean_menu_social_hover_links_color":"","ocean_disable_title":"default","ocean_disable_heading":"default","ocean_post_title":"","ocean_post_subheading":"","ocean_post_title_style":"","ocean_post_title_background_color":"","ocean_post_title_background":0,"ocean_post_title_bg_image_position":"","ocean_post_title_bg_image_attachment":"","ocean_post_title_bg_image_repeat":"","ocean_post_title_bg_image_size":"","ocean_post_title_height":0,"ocean_post_title_bg_overlay":0.5,"ocean_post_title_bg_overlay_color":"","ocean_disable_breadcrumbs":"default","ocean_breadcrumbs_color":"","ocean_breadcrumbs_separator_color":"","ocean_breadcrumbs_links_color":"","ocean_breadcrumbs_links_hover_color":"","ocean_display_footer_widgets":"default","ocean_display_footer_bottom":"default","ocean_custom_footer_template":"0","footnotes":""},"class_list":["post-625","page","type-page","status-publish","hentry","entry"],"yoast_head":"<!-- This site is optimized with the Yoast SEO plugin v27.4 - https:\/\/yoast.com\/product\/yoast-seo-wordpress\/ -->\n<title>LA GENESE - LE CHAPITEAU D&#039;ADRIENNE<\/title>\n<meta name=\"robots\" content=\"index, follow, max-snippet:-1, max-image-preview:large, max-video-preview:-1\" \/>\n<link rel=\"canonical\" href=\"https:\/\/chapiteau-adrienne.fr\/?page_id=625\" \/>\n<meta property=\"og:locale\" content=\"fr_FR\" \/>\n<meta property=\"og:type\" content=\"article\" \/>\n<meta property=\"og:title\" content=\"LA GENESE - LE CHAPITEAU D&#039;ADRIENNE\" \/>\n<meta property=\"og:description\" content=\"Le Banquet du livre de Lagrasse r\u00e9unit chaque ann\u00e9e depuis 1995 des fid\u00e8les et des nouveaux venus autour de la litt\u00e9rature. J\u2019y viens depuis la cr\u00e9ation, un festival pas comme [&hellip;]\" \/>\n<meta property=\"og:url\" content=\"https:\/\/chapiteau-adrienne.fr\/?page_id=625\" \/>\n<meta property=\"og:site_name\" content=\"LE CHAPITEAU D&#039;ADRIENNE\" \/>\n<meta property=\"article:modified_time\" content=\"2021-05-11T00:28:24+00:00\" \/>\n<meta name=\"twitter:card\" content=\"summary_large_image\" \/>\n<meta name=\"twitter:label1\" content=\"Dur\u00e9e de lecture estim\u00e9e\" \/>\n\t<meta name=\"twitter:data1\" content=\"2 minutes\" \/>\n<script type=\"application\/ld+json\" class=\"yoast-schema-graph\">{\"@context\":\"https:\\\/\\\/schema.org\",\"@graph\":[{\"@type\":\"WebPage\",\"@id\":\"https:\\\/\\\/chapiteau-adrienne.fr\\\/?page_id=625\",\"url\":\"https:\\\/\\\/chapiteau-adrienne.fr\\\/?page_id=625\",\"name\":\"LA GENESE - LE CHAPITEAU D&#039;ADRIENNE\",\"isPartOf\":{\"@id\":\"https:\\\/\\\/chapiteau-adrienne.fr\\\/#website\"},\"datePublished\":\"2021-05-11T00:23:36+00:00\",\"dateModified\":\"2021-05-11T00:28:24+00:00\",\"breadcrumb\":{\"@id\":\"https:\\\/\\\/chapiteau-adrienne.fr\\\/?page_id=625#breadcrumb\"},\"inLanguage\":\"fr-FR\",\"potentialAction\":[{\"@type\":\"ReadAction\",\"target\":[\"https:\\\/\\\/chapiteau-adrienne.fr\\\/?page_id=625\"]}]},{\"@type\":\"BreadcrumbList\",\"@id\":\"https:\\\/\\\/chapiteau-adrienne.fr\\\/?page_id=625#breadcrumb\",\"itemListElement\":[{\"@type\":\"ListItem\",\"position\":1,\"name\":\"Accueil\",\"item\":\"https:\\\/\\\/chapiteau-adrienne.fr\\\/\"},{\"@type\":\"ListItem\",\"position\":2,\"name\":\"LE COLLECTIF BRUTUS\",\"item\":\"https:\\\/\\\/chapiteau-adrienne.fr\\\/?page_id=334\"},{\"@type\":\"ListItem\",\"position\":3,\"name\":\"LA GENESE\"}]},{\"@type\":\"WebSite\",\"@id\":\"https:\\\/\\\/chapiteau-adrienne.fr\\\/#website\",\"url\":\"https:\\\/\\\/chapiteau-adrienne.fr\\\/\",\"name\":\"LE CHAPITEAU D&#039;ADRIENNE\",\"description\":\"\",\"publisher\":{\"@id\":\"https:\\\/\\\/chapiteau-adrienne.fr\\\/#organization\"},\"potentialAction\":[{\"@type\":\"SearchAction\",\"target\":{\"@type\":\"EntryPoint\",\"urlTemplate\":\"https:\\\/\\\/chapiteau-adrienne.fr\\\/?s={search_term_string}\"},\"query-input\":{\"@type\":\"PropertyValueSpecification\",\"valueRequired\":true,\"valueName\":\"search_term_string\"}}],\"inLanguage\":\"fr-FR\"},{\"@type\":\"Organization\",\"@id\":\"https:\\\/\\\/chapiteau-adrienne.fr\\\/#organization\",\"name\":\"LE CHAPITEAU D&#039;ADRIENNE\",\"url\":\"https:\\\/\\\/chapiteau-adrienne.fr\\\/\",\"logo\":{\"@type\":\"ImageObject\",\"inLanguage\":\"fr-FR\",\"@id\":\"https:\\\/\\\/chapiteau-adrienne.fr\\\/#\\\/schema\\\/logo\\\/image\\\/\",\"url\":\"https:\\\/\\\/chapiteau-adrienne.fr\\\/wp-content\\\/uploads\\\/2020\\\/09\\\/cropped-cropped-Weissbakerblanc-1.png\",\"contentUrl\":\"https:\\\/\\\/chapiteau-adrienne.fr\\\/wp-content\\\/uploads\\\/2020\\\/09\\\/cropped-cropped-Weissbakerblanc-1.png\",\"width\":323,\"height\":250,\"caption\":\"LE CHAPITEAU D&#039;ADRIENNE\"},\"image\":{\"@id\":\"https:\\\/\\\/chapiteau-adrienne.fr\\\/#\\\/schema\\\/logo\\\/image\\\/\"}}]}<\/script>\n<!-- \/ Yoast SEO plugin. -->","yoast_head_json":{"title":"LA GENESE - LE CHAPITEAU D&#039;ADRIENNE","robots":{"index":"index","follow":"follow","max-snippet":"max-snippet:-1","max-image-preview":"max-image-preview:large","max-video-preview":"max-video-preview:-1"},"canonical":"https:\/\/chapiteau-adrienne.fr\/?page_id=625","og_locale":"fr_FR","og_type":"article","og_title":"LA GENESE - LE CHAPITEAU D&#039;ADRIENNE","og_description":"Le Banquet du livre de Lagrasse r\u00e9unit chaque ann\u00e9e depuis 1995 des fid\u00e8les et des nouveaux venus autour de la litt\u00e9rature. J\u2019y viens depuis la cr\u00e9ation, un festival pas comme [&hellip;]","og_url":"https:\/\/chapiteau-adrienne.fr\/?page_id=625","og_site_name":"LE CHAPITEAU D&#039;ADRIENNE","article_modified_time":"2021-05-11T00:28:24+00:00","twitter_card":"summary_large_image","twitter_misc":{"Dur\u00e9e de lecture estim\u00e9e":"2 minutes"},"schema":{"@context":"https:\/\/schema.org","@graph":[{"@type":"WebPage","@id":"https:\/\/chapiteau-adrienne.fr\/?page_id=625","url":"https:\/\/chapiteau-adrienne.fr\/?page_id=625","name":"LA GENESE - LE CHAPITEAU D&#039;ADRIENNE","isPartOf":{"@id":"https:\/\/chapiteau-adrienne.fr\/#website"},"datePublished":"2021-05-11T00:23:36+00:00","dateModified":"2021-05-11T00:28:24+00:00","breadcrumb":{"@id":"https:\/\/chapiteau-adrienne.fr\/?page_id=625#breadcrumb"},"inLanguage":"fr-FR","potentialAction":[{"@type":"ReadAction","target":["https:\/\/chapiteau-adrienne.fr\/?page_id=625"]}]},{"@type":"BreadcrumbList","@id":"https:\/\/chapiteau-adrienne.fr\/?page_id=625#breadcrumb","itemListElement":[{"@type":"ListItem","position":1,"name":"Accueil","item":"https:\/\/chapiteau-adrienne.fr\/"},{"@type":"ListItem","position":2,"name":"LE COLLECTIF BRUTUS","item":"https:\/\/chapiteau-adrienne.fr\/?page_id=334"},{"@type":"ListItem","position":3,"name":"LA GENESE"}]},{"@type":"WebSite","@id":"https:\/\/chapiteau-adrienne.fr\/#website","url":"https:\/\/chapiteau-adrienne.fr\/","name":"LE CHAPITEAU D&#039;ADRIENNE","description":"","publisher":{"@id":"https:\/\/chapiteau-adrienne.fr\/#organization"},"potentialAction":[{"@type":"SearchAction","target":{"@type":"EntryPoint","urlTemplate":"https:\/\/chapiteau-adrienne.fr\/?s={search_term_string}"},"query-input":{"@type":"PropertyValueSpecification","valueRequired":true,"valueName":"search_term_string"}}],"inLanguage":"fr-FR"},{"@type":"Organization","@id":"https:\/\/chapiteau-adrienne.fr\/#organization","name":"LE CHAPITEAU D&#039;ADRIENNE","url":"https:\/\/chapiteau-adrienne.fr\/","logo":{"@type":"ImageObject","inLanguage":"fr-FR","@id":"https:\/\/chapiteau-adrienne.fr\/#\/schema\/logo\/image\/","url":"https:\/\/chapiteau-adrienne.fr\/wp-content\/uploads\/2020\/09\/cropped-cropped-Weissbakerblanc-1.png","contentUrl":"https:\/\/chapiteau-adrienne.fr\/wp-content\/uploads\/2020\/09\/cropped-cropped-Weissbakerblanc-1.png","width":323,"height":250,"caption":"LE CHAPITEAU D&#039;ADRIENNE"},"image":{"@id":"https:\/\/chapiteau-adrienne.fr\/#\/schema\/logo\/image\/"}}]}},"_links":{"self":[{"href":"https:\/\/chapiteau-adrienne.fr\/index.php?rest_route=\/wp\/v2\/pages\/625","targetHints":{"allow":["GET"]}}],"collection":[{"href":"https:\/\/chapiteau-adrienne.fr\/index.php?rest_route=\/wp\/v2\/pages"}],"about":[{"href":"https:\/\/chapiteau-adrienne.fr\/index.php?rest_route=\/wp\/v2\/types\/page"}],"author":[{"embeddable":true,"href":"https:\/\/chapiteau-adrienne.fr\/index.php?rest_route=\/wp\/v2\/users\/1"}],"replies":[{"embeddable":true,"href":"https:\/\/chapiteau-adrienne.fr\/index.php?rest_route=%2Fwp%2Fv2%2Fcomments&post=625"}],"version-history":[{"count":2,"href":"https:\/\/chapiteau-adrienne.fr\/index.php?rest_route=\/wp\/v2\/pages\/625\/revisions"}],"predecessor-version":[{"id":629,"href":"https:\/\/chapiteau-adrienne.fr\/index.php?rest_route=\/wp\/v2\/pages\/625\/revisions\/629"}],"up":[{"embeddable":true,"href":"https:\/\/chapiteau-adrienne.fr\/index.php?rest_route=\/wp\/v2\/pages\/334"}],"wp:attachment":[{"href":"https:\/\/chapiteau-adrienne.fr\/index.php?rest_route=%2Fwp%2Fv2%2Fmedia&parent=625"}],"curies":[{"name":"wp","href":"https:\/\/api.w.org\/{rel}","templated":true}]}}