{"id":342,"date":"2021-03-31T15:28:40","date_gmt":"2021-03-31T15:28:40","guid":{"rendered":"http:\/\/chapiteau-adrienne.fr\/?page_id=342"},"modified":"2021-05-10T18:24:19","modified_gmt":"2021-05-10T18:24:19","slug":"les-paves","status":"publish","type":"page","link":"https:\/\/chapiteau-adrienne.fr\/?page_id=342","title":{"rendered":"LES PAVES"},"content":{"rendered":"\n<p class=\"wp-block-paragraph\"><\/p>\n\n\n\n<p class=\"wp-block-paragraph\">En attendant de pouvoir cr\u00e9er un v\u00e9ritable spectacle m\u00ealant professionnels et amateurs, le collectif BRUTUS a cr\u00e9\u00e9 son podcast. Ces \u00ab&nbsp;pav\u00e9s&nbsp;\u00bb que le collectif propose \u00e0 son public une fois par mois reviennent sur des th\u00e8mes choisis comme les tricoteuses, la guillotine\u2026<\/p>\n\n\n<div class=\"epyt-gallery\" data-currpage=\"1\" id=\"epyt_gallery_22299\"><figure class=\"wp-block-embed wp-block-embed-youtube is-type-video is-provider-youtube epyt-figure\"><div class=\"wp-block-embed__wrapper\"><iframe loading=\"lazy\"  style=\"display: block; margin: 0px auto;\"  id=\"_ytid_81444\"  width=\"1200\" height=\"675\"  data-origwidth=\"1200\" data-origheight=\"675\" src=\"https:\/\/www.youtube.com\/embed\/D2ByBtFpPQ0?enablejsapi=1&#038;autoplay=0&#038;cc_load_policy=0&#038;cc_lang_pref=&#038;iv_load_policy=3&#038;loop=0&#038;rel=1&#038;fs=1&#038;playsinline=0&#038;autohide=2&#038;theme=dark&#038;color=red&#038;controls=1&#038;disablekb=0&#038;\" class=\"__youtube_prefs__  no-lazyload\" title=\"YouTube player\"  data-epytgalleryid=\"epyt_gallery_22299\"  allow=\"fullscreen; accelerometer; autoplay; clipboard-write; encrypted-media; gyroscope; picture-in-picture; web-share\" referrerpolicy=\"strict-origin-when-cross-origin\" allowfullscreen data-no-lazy=\"1\" data-skipgform_ajax_framebjll=\"\"><\/iframe><\/div><\/figure><div class=\"epyt-gallery-list\"><div class=\"epyt-pagination \"><div tabindex=\"0\" role=\"button\" class=\"epyt-pagebutton epyt-prev  hide \" data-playlistid=\"UUOEUJl-5ASjepsr9Y0otqaQ\" data-pagesize=\"15\" data-pagetoken=\"\" data-epcolumns=\"3\" data-showtitle=\"1\" data-showpaging=\"1\" data-autonext=\"0\" data-thumbplay=\"1\"><div class=\"epyt-arrow\">&laquo;<\/div> <div>Prev<\/div><\/div><div class=\"epyt-pagenumbers hide\"><div class=\"epyt-current\">1<\/div><div class=\"epyt-pageseparator\"> \/ <\/div><div class=\"epyt-totalpages\">1<\/div><\/div><div tabindex=\"0\" role=\"button\" class=\"epyt-pagebutton epyt-next hide \" data-playlistid=\"UUOEUJl-5ASjepsr9Y0otqaQ\" data-pagesize=\"15\" data-pagetoken=\"\" data-epcolumns=\"3\" data-showtitle=\"1\" data-showpaging=\"1\" data-autonext=\"0\" data-thumbplay=\"1\"><div>Next<\/div> <div class=\"epyt-arrow\">&raquo;<\/div><\/div><div class=\"epyt-loader\"><img loading=\"lazy\" decoding=\"async\" alt=\"loading\" width=\"16\" height=\"11\" src=\"https:\/\/chapiteau-adrienne.fr\/wp-content\/plugins\/youtube-embed-plus\/images\/gallery-page-loader.gif\"><\/div><\/div><div class=\"epyt-gallery-allthumbs  epyt-cols-3 \"><div tabindex=\"0\" role=\"button\" data-videoid=\"D2ByBtFpPQ0\" class=\"epyt-gallery-thumb\"><div class=\"epyt-gallery-img-box\"><div class=\"epyt-gallery-img\" style=\"background-image: url(https:\/\/i.ytimg.com\/vi\/D2ByBtFpPQ0\/hqdefault.jpg)\"><div class=\"epyt-gallery-playhover\"><img loading=\"lazy\" decoding=\"async\" alt=\"play\" class=\"epyt-play-img\" width=\"30\" height=\"23\" src=\"https:\/\/chapiteau-adrienne.fr\/wp-content\/plugins\/youtube-embed-plus\/images\/playhover.png\" data-no-lazy=\"1\" data-skipgform_ajax_framebjll=\"\" \/><div class=\"epyt-gallery-playcrutch\"><\/div><\/div><\/div><\/div><div class=\"epyt-gallery-title\">Les chroniques Collectif BRUTUS &#8211; Podcast d&#039;Avril<\/div><\/div><div tabindex=\"0\" role=\"button\" data-videoid=\"ENZnfPs47_g\" class=\"epyt-gallery-thumb\"><div class=\"epyt-gallery-img-box\"><div class=\"epyt-gallery-img\" style=\"background-image: url(https:\/\/i.ytimg.com\/vi\/ENZnfPs47_g\/hqdefault.jpg)\"><div class=\"epyt-gallery-playhover\"><img loading=\"lazy\" decoding=\"async\" alt=\"play\" class=\"epyt-play-img\" width=\"30\" height=\"23\" src=\"https:\/\/chapiteau-adrienne.fr\/wp-content\/plugins\/youtube-embed-plus\/images\/playhover.png\" data-no-lazy=\"1\" data-skipgform_ajax_framebjll=\"\" \/><div class=\"epyt-gallery-playcrutch\"><\/div><\/div><\/div><\/div><div class=\"epyt-gallery-title\">Les chroniques Collectif BRUTUS &#8211; Podcast de Mars<\/div><\/div><div tabindex=\"0\" role=\"button\" data-videoid=\"ffH78JmFir4\" class=\"epyt-gallery-thumb\"><div class=\"epyt-gallery-img-box\"><div class=\"epyt-gallery-img\" style=\"background-image: url(https:\/\/i.ytimg.com\/vi\/ffH78JmFir4\/hqdefault.jpg)\"><div class=\"epyt-gallery-playhover\"><img loading=\"lazy\" decoding=\"async\" alt=\"play\" class=\"epyt-play-img\" width=\"30\" height=\"23\" src=\"https:\/\/chapiteau-adrienne.fr\/wp-content\/plugins\/youtube-embed-plus\/images\/playhover.png\" data-no-lazy=\"1\" data-skipgform_ajax_framebjll=\"\" \/><div class=\"epyt-gallery-playcrutch\"><\/div><\/div><\/div><\/div><div class=\"epyt-gallery-title\">Les Chroniques du Collectif BRUTUS,  Podcast de f\u00e9vrier.<\/div><\/div><div class=\"epyt-gallery-rowbreak\"><\/div><div tabindex=\"0\" role=\"button\" data-videoid=\"1WycSIDB0Bk\" class=\"epyt-gallery-thumb\"><div class=\"epyt-gallery-img-box\"><div class=\"epyt-gallery-img\" style=\"background-image: url(https:\/\/i.ytimg.com\/vi\/1WycSIDB0Bk\/hqdefault.jpg)\"><div class=\"epyt-gallery-playhover\"><img loading=\"lazy\" decoding=\"async\" alt=\"play\" class=\"epyt-play-img\" width=\"30\" height=\"23\" src=\"https:\/\/chapiteau-adrienne.fr\/wp-content\/plugins\/youtube-embed-plus\/images\/playhover.png\" data-no-lazy=\"1\" data-skipgform_ajax_framebjll=\"\" \/><div class=\"epyt-gallery-playcrutch\"><\/div><\/div><\/div><\/div><div class=\"epyt-gallery-title\">Les Chroniques du Collectif BRUTUS, Podcast de janvier<\/div><\/div><div class=\"epyt-gallery-clear\"><\/div><\/div><div class=\"epyt-pagination \"><div tabindex=\"0\" role=\"button\" class=\"epyt-pagebutton epyt-prev  hide \" data-playlistid=\"UUOEUJl-5ASjepsr9Y0otqaQ\" data-pagesize=\"15\" data-pagetoken=\"\" data-epcolumns=\"3\" data-showtitle=\"1\" data-showpaging=\"1\" data-autonext=\"0\" data-thumbplay=\"1\"><div class=\"epyt-arrow\">&laquo;<\/div> <div>Prev<\/div><\/div><div class=\"epyt-pagenumbers hide\"><div class=\"epyt-current\">1<\/div><div class=\"epyt-pageseparator\"> \/ <\/div><div class=\"epyt-totalpages\">1<\/div><\/div><div tabindex=\"0\" role=\"button\" class=\"epyt-pagebutton epyt-next hide \" data-playlistid=\"UUOEUJl-5ASjepsr9Y0otqaQ\" data-pagesize=\"15\" data-pagetoken=\"\" data-epcolumns=\"3\" data-showtitle=\"1\" data-showpaging=\"1\" data-autonext=\"0\" data-thumbplay=\"1\"><div>Next<\/div> <div class=\"epyt-arrow\">&raquo;<\/div><\/div><div class=\"epyt-loader\"><img loading=\"lazy\" decoding=\"async\" alt=\"loading\" width=\"16\" height=\"11\" src=\"https:\/\/chapiteau-adrienne.fr\/wp-content\/plugins\/youtube-embed-plus\/images\/gallery-page-loader.gif\"><\/div><\/div><\/div><\/div>\n\n\n<div class=\"wp-block-columns is-layout-flex wp-container-core-columns-is-layout-8f761849 wp-block-columns-is-layout-flex\"><\/div>\n","protected":false},"excerpt":{"rendered":"<p>En attendant de pouvoir cr\u00e9er un v\u00e9ritable spectacle m\u00ealant professionnels et amateurs, le collectif BRUTUS a cr\u00e9\u00e9 son podcast. Ces \u00ab&nbsp;pav\u00e9s&nbsp;\u00bb que le collectif propose \u00e0 son public une fois [&hellip;]<\/p>\n","protected":false},"author":1,"featured_media":0,"parent":334,"menu_order":1,"comment_status":"closed","ping_status":"closed","template":"","meta":{"_crdt_document":"","ocean_post_layout":"","ocean_both_sidebars_style":"","ocean_both_sidebars_content_width":0,"ocean_both_sidebars_sidebars_width":0,"ocean_sidebar":"0","ocean_second_sidebar":"0","ocean_disable_margins":"enable","ocean_add_body_class":"","ocean_shortcode_before_top_bar":"","ocean_shortcode_after_top_bar":"","ocean_shortcode_before_header":"","ocean_shortcode_after_header":"","ocean_has_shortcode":"","ocean_shortcode_after_title":"","ocean_shortcode_before_footer_widgets":"","ocean_shortcode_after_footer_widgets":"","ocean_shortcode_before_footer_bottom":"","ocean_shortcode_after_footer_bottom":"","ocean_display_top_bar":"default","ocean_display_header":"default","ocean_header_style":"","ocean_center_header_left_menu":"0","ocean_custom_header_template":"0","ocean_custom_logo":0,"ocean_custom_retina_logo":0,"ocean_custom_logo_max_width":0,"ocean_custom_logo_tablet_max_width":0,"ocean_custom_logo_mobile_max_width":0,"ocean_custom_logo_max_height":0,"ocean_custom_logo_tablet_max_height":0,"ocean_custom_logo_mobile_max_height":0,"ocean_header_custom_menu":"0","ocean_menu_typo_font_family":"0","ocean_menu_typo_font_subset":"","ocean_menu_typo_font_size":0,"ocean_menu_typo_font_size_tablet":0,"ocean_menu_typo_font_size_mobile":0,"ocean_menu_typo_font_size_unit":"px","ocean_menu_typo_font_weight":"","ocean_menu_typo_font_weight_tablet":"","ocean_menu_typo_font_weight_mobile":"","ocean_menu_typo_transform":"","ocean_menu_typo_transform_tablet":"","ocean_menu_typo_transform_mobile":"","ocean_menu_typo_line_height":0,"ocean_menu_typo_line_height_tablet":0,"ocean_menu_typo_line_height_mobile":0,"ocean_menu_typo_line_height_unit":"","ocean_menu_typo_spacing":0,"ocean_menu_typo_spacing_tablet":0,"ocean_menu_typo_spacing_mobile":0,"ocean_menu_typo_spacing_unit":"","ocean_menu_link_color":"","ocean_menu_link_color_hover":"","ocean_menu_link_color_active":"","ocean_menu_link_background":"","ocean_menu_link_hover_background":"","ocean_menu_link_active_background":"","ocean_menu_social_links_bg":"","ocean_menu_social_hover_links_bg":"","ocean_menu_social_links_color":"","ocean_menu_social_hover_links_color":"","ocean_disable_title":"default","ocean_disable_heading":"default","ocean_post_title":"","ocean_post_subheading":"","ocean_post_title_style":"","ocean_post_title_background_color":"","ocean_post_title_background":0,"ocean_post_title_bg_image_position":"","ocean_post_title_bg_image_attachment":"","ocean_post_title_bg_image_repeat":"","ocean_post_title_bg_image_size":"","ocean_post_title_height":0,"ocean_post_title_bg_overlay":0.5,"ocean_post_title_bg_overlay_color":"","ocean_disable_breadcrumbs":"default","ocean_breadcrumbs_color":"","ocean_breadcrumbs_separator_color":"","ocean_breadcrumbs_links_color":"","ocean_breadcrumbs_links_hover_color":"","ocean_display_footer_widgets":"default","ocean_display_footer_bottom":"default","ocean_custom_footer_template":"0","footnotes":""},"class_list":["post-342","page","type-page","status-publish","hentry","entry"],"yoast_head":"<!-- This site is optimized with the Yoast SEO plugin v27.5 - https:\/\/yoast.com\/product\/yoast-seo-wordpress\/ -->\n<title>LES PAVES - LE CHAPITEAU D&#039;ADRIENNE<\/title>\n<meta name=\"robots\" content=\"index, follow, max-snippet:-1, max-image-preview:large, max-video-preview:-1\" \/>\n<link rel=\"canonical\" href=\"https:\/\/chapiteau-adrienne.fr\/?page_id=342\" \/>\n<meta property=\"og:locale\" content=\"fr_FR\" \/>\n<meta property=\"og:type\" content=\"article\" \/>\n<meta property=\"og:title\" content=\"LES PAVES - LE CHAPITEAU D&#039;ADRIENNE\" \/>\n<meta property=\"og:description\" content=\"En attendant de pouvoir cr\u00e9er un v\u00e9ritable spectacle m\u00ealant professionnels et amateurs, le collectif BRUTUS a cr\u00e9\u00e9 son podcast. Ces \u00ab&nbsp;pav\u00e9s&nbsp;\u00bb que le collectif propose \u00e0 son public une fois [&hellip;]\" \/>\n<meta property=\"og:url\" content=\"https:\/\/chapiteau-adrienne.fr\/?page_id=342\" \/>\n<meta property=\"og:site_name\" content=\"LE CHAPITEAU D&#039;ADRIENNE\" \/>\n<meta property=\"article:modified_time\" content=\"2021-05-10T18:24:19+00:00\" \/>\n<meta name=\"twitter:card\" content=\"summary_large_image\" \/>\n<meta name=\"twitter:label1\" content=\"Dur\u00e9e de lecture estim\u00e9e\" \/>\n\t<meta name=\"twitter:data1\" content=\"1 minute\" \/>\n<script type=\"application\/ld+json\" class=\"yoast-schema-graph\">{\"@context\":\"https:\\\/\\\/schema.org\",\"@graph\":[{\"@type\":\"WebPage\",\"@id\":\"https:\\\/\\\/chapiteau-adrienne.fr\\\/?page_id=342\",\"url\":\"https:\\\/\\\/chapiteau-adrienne.fr\\\/?page_id=342\",\"name\":\"LES PAVES - LE CHAPITEAU D&#039;ADRIENNE\",\"isPartOf\":{\"@id\":\"https:\\\/\\\/chapiteau-adrienne.fr\\\/#website\"},\"datePublished\":\"2021-03-31T15:28:40+00:00\",\"dateModified\":\"2021-05-10T18:24:19+00:00\",\"breadcrumb\":{\"@id\":\"https:\\\/\\\/chapiteau-adrienne.fr\\\/?page_id=342#breadcrumb\"},\"inLanguage\":\"fr-FR\",\"potentialAction\":[{\"@type\":\"ReadAction\",\"target\":[\"https:\\\/\\\/chapiteau-adrienne.fr\\\/?page_id=342\"]}]},{\"@type\":\"BreadcrumbList\",\"@id\":\"https:\\\/\\\/chapiteau-adrienne.fr\\\/?page_id=342#breadcrumb\",\"itemListElement\":[{\"@type\":\"ListItem\",\"position\":1,\"name\":\"Accueil\",\"item\":\"https:\\\/\\\/chapiteau-adrienne.fr\\\/\"},{\"@type\":\"ListItem\",\"position\":2,\"name\":\"LE COLLECTIF BRUTUS\",\"item\":\"https:\\\/\\\/chapiteau-adrienne.fr\\\/?page_id=334\"},{\"@type\":\"ListItem\",\"position\":3,\"name\":\"LES PAVES\"}]},{\"@type\":\"WebSite\",\"@id\":\"https:\\\/\\\/chapiteau-adrienne.fr\\\/#website\",\"url\":\"https:\\\/\\\/chapiteau-adrienne.fr\\\/\",\"name\":\"LE CHAPITEAU D&#039;ADRIENNE\",\"description\":\"\",\"publisher\":{\"@id\":\"https:\\\/\\\/chapiteau-adrienne.fr\\\/#organization\"},\"potentialAction\":[{\"@type\":\"SearchAction\",\"target\":{\"@type\":\"EntryPoint\",\"urlTemplate\":\"https:\\\/\\\/chapiteau-adrienne.fr\\\/?s={search_term_string}\"},\"query-input\":{\"@type\":\"PropertyValueSpecification\",\"valueRequired\":true,\"valueName\":\"search_term_string\"}}],\"inLanguage\":\"fr-FR\"},{\"@type\":\"Organization\",\"@id\":\"https:\\\/\\\/chapiteau-adrienne.fr\\\/#organization\",\"name\":\"LE CHAPITEAU D&#039;ADRIENNE\",\"url\":\"https:\\\/\\\/chapiteau-adrienne.fr\\\/\",\"logo\":{\"@type\":\"ImageObject\",\"inLanguage\":\"fr-FR\",\"@id\":\"https:\\\/\\\/chapiteau-adrienne.fr\\\/#\\\/schema\\\/logo\\\/image\\\/\",\"url\":\"https:\\\/\\\/chapiteau-adrienne.fr\\\/wp-content\\\/uploads\\\/2020\\\/09\\\/cropped-cropped-Weissbakerblanc-1.png\",\"contentUrl\":\"https:\\\/\\\/chapiteau-adrienne.fr\\\/wp-content\\\/uploads\\\/2020\\\/09\\\/cropped-cropped-Weissbakerblanc-1.png\",\"width\":323,\"height\":250,\"caption\":\"LE CHAPITEAU D&#039;ADRIENNE\"},\"image\":{\"@id\":\"https:\\\/\\\/chapiteau-adrienne.fr\\\/#\\\/schema\\\/logo\\\/image\\\/\"}}]}<\/script>\n<!-- \/ Yoast SEO plugin. -->","yoast_head_json":{"title":"LES PAVES - LE CHAPITEAU D&#039;ADRIENNE","robots":{"index":"index","follow":"follow","max-snippet":"max-snippet:-1","max-image-preview":"max-image-preview:large","max-video-preview":"max-video-preview:-1"},"canonical":"https:\/\/chapiteau-adrienne.fr\/?page_id=342","og_locale":"fr_FR","og_type":"article","og_title":"LES PAVES - LE CHAPITEAU D&#039;ADRIENNE","og_description":"En attendant de pouvoir cr\u00e9er un v\u00e9ritable spectacle m\u00ealant professionnels et amateurs, le collectif BRUTUS a cr\u00e9\u00e9 son podcast. Ces \u00ab&nbsp;pav\u00e9s&nbsp;\u00bb que le collectif propose \u00e0 son public une fois [&hellip;]","og_url":"https:\/\/chapiteau-adrienne.fr\/?page_id=342","og_site_name":"LE CHAPITEAU D&#039;ADRIENNE","article_modified_time":"2021-05-10T18:24:19+00:00","twitter_card":"summary_large_image","twitter_misc":{"Dur\u00e9e de lecture estim\u00e9e":"1 minute"},"schema":{"@context":"https:\/\/schema.org","@graph":[{"@type":"WebPage","@id":"https:\/\/chapiteau-adrienne.fr\/?page_id=342","url":"https:\/\/chapiteau-adrienne.fr\/?page_id=342","name":"LES PAVES - LE CHAPITEAU D&#039;ADRIENNE","isPartOf":{"@id":"https:\/\/chapiteau-adrienne.fr\/#website"},"datePublished":"2021-03-31T15:28:40+00:00","dateModified":"2021-05-10T18:24:19+00:00","breadcrumb":{"@id":"https:\/\/chapiteau-adrienne.fr\/?page_id=342#breadcrumb"},"inLanguage":"fr-FR","potentialAction":[{"@type":"ReadAction","target":["https:\/\/chapiteau-adrienne.fr\/?page_id=342"]}]},{"@type":"BreadcrumbList","@id":"https:\/\/chapiteau-adrienne.fr\/?page_id=342#breadcrumb","itemListElement":[{"@type":"ListItem","position":1,"name":"Accueil","item":"https:\/\/chapiteau-adrienne.fr\/"},{"@type":"ListItem","position":2,"name":"LE COLLECTIF BRUTUS","item":"https:\/\/chapiteau-adrienne.fr\/?page_id=334"},{"@type":"ListItem","position":3,"name":"LES PAVES"}]},{"@type":"WebSite","@id":"https:\/\/chapiteau-adrienne.fr\/#website","url":"https:\/\/chapiteau-adrienne.fr\/","name":"LE CHAPITEAU D&#039;ADRIENNE","description":"","publisher":{"@id":"https:\/\/chapiteau-adrienne.fr\/#organization"},"potentialAction":[{"@type":"SearchAction","target":{"@type":"EntryPoint","urlTemplate":"https:\/\/chapiteau-adrienne.fr\/?s={search_term_string}"},"query-input":{"@type":"PropertyValueSpecification","valueRequired":true,"valueName":"search_term_string"}}],"inLanguage":"fr-FR"},{"@type":"Organization","@id":"https:\/\/chapiteau-adrienne.fr\/#organization","name":"LE CHAPITEAU D&#039;ADRIENNE","url":"https:\/\/chapiteau-adrienne.fr\/","logo":{"@type":"ImageObject","inLanguage":"fr-FR","@id":"https:\/\/chapiteau-adrienne.fr\/#\/schema\/logo\/image\/","url":"https:\/\/chapiteau-adrienne.fr\/wp-content\/uploads\/2020\/09\/cropped-cropped-Weissbakerblanc-1.png","contentUrl":"https:\/\/chapiteau-adrienne.fr\/wp-content\/uploads\/2020\/09\/cropped-cropped-Weissbakerblanc-1.png","width":323,"height":250,"caption":"LE CHAPITEAU D&#039;ADRIENNE"},"image":{"@id":"https:\/\/chapiteau-adrienne.fr\/#\/schema\/logo\/image\/"}}]}},"_links":{"self":[{"href":"https:\/\/chapiteau-adrienne.fr\/index.php?rest_route=\/wp\/v2\/pages\/342","targetHints":{"allow":["GET"]}}],"collection":[{"href":"https:\/\/chapiteau-adrienne.fr\/index.php?rest_route=\/wp\/v2\/pages"}],"about":[{"href":"https:\/\/chapiteau-adrienne.fr\/index.php?rest_route=\/wp\/v2\/types\/page"}],"author":[{"embeddable":true,"href":"https:\/\/chapiteau-adrienne.fr\/index.php?rest_route=\/wp\/v2\/users\/1"}],"replies":[{"embeddable":true,"href":"https:\/\/chapiteau-adrienne.fr\/index.php?rest_route=%2Fwp%2Fv2%2Fcomments&post=342"}],"version-history":[{"count":26,"href":"https:\/\/chapiteau-adrienne.fr\/index.php?rest_route=\/wp\/v2\/pages\/342\/revisions"}],"predecessor-version":[{"id":588,"href":"https:\/\/chapiteau-adrienne.fr\/index.php?rest_route=\/wp\/v2\/pages\/342\/revisions\/588"}],"up":[{"embeddable":true,"href":"https:\/\/chapiteau-adrienne.fr\/index.php?rest_route=\/wp\/v2\/pages\/334"}],"wp:attachment":[{"href":"https:\/\/chapiteau-adrienne.fr\/index.php?rest_route=%2Fwp%2Fv2%2Fmedia&parent=342"}],"curies":[{"name":"wp","href":"https:\/\/api.w.org\/{rel}","templated":true}]}}